{"id":9,"date":"2024-03-30T07:32:51","date_gmt":"2024-03-30T07:32:51","guid":{"rendered":"https:\/\/storskraklunne.se\/?page_id=9"},"modified":"2024-06-06T07:00:22","modified_gmt":"2024-06-06T07:00:22","slug":"om-samfalligheten","status":"publish","type":"page","link":"https:\/\/storskraklunne.se\/?page_id=9","title":{"rendered":"Om samf\u00e4lligheten"},"content":{"rendered":"<div class=\"textblock grid-col-12\">\n<div class=\"text-block block-base     \">\n<div class=\"text-section-base text-block__text-section \">\n<div class=\"text-container\">\n<div><strong>V\u00e4lkommen till Storskrakens-Lunnef\u00e5gelns samf\u00e4llighetsf\u00f6rening i Oxel\u00f6sund<\/strong><\/div>\n<div><img loading=\"lazy\" decoding=\"async\" class=\"alignnone size-full wp-image-129\" src=\"https:\/\/storskraklunne.se\/wp-content\/uploads\/2024\/05\/DSC_0195_mod_wide-scaled-1.jpg\" alt=\"\" width=\"2500\" height=\"937\" srcset=\"https:\/\/storskraklunne.se\/wp-content\/uploads\/2024\/05\/DSC_0195_mod_wide-scaled-1.jpg 2500w, https:\/\/storskraklunne.se\/wp-content\/uploads\/2024\/05\/DSC_0195_mod_wide-scaled-1-300x112.jpg 300w, https:\/\/storskraklunne.se\/wp-content\/uploads\/2024\/05\/DSC_0195_mod_wide-scaled-1-1024x384.jpg 1024w, https:\/\/storskraklunne.se\/wp-content\/uploads\/2024\/05\/DSC_0195_mod_wide-scaled-1-768x288.jpg 768w, https:\/\/storskraklunne.se\/wp-content\/uploads\/2024\/05\/DSC_0195_mod_wide-scaled-1-1536x576.jpg 1536w, https:\/\/storskraklunne.se\/wp-content\/uploads\/2024\/05\/DSC_0195_mod_wide-scaled-1-2048x768.jpg 2048w\" sizes=\"auto, (max-width: 2500px) 100vw, 2500px\" \/><\/div>\n<div><\/div>\n<div>\n<p><strong>Kortadress till hemsidan<\/strong><\/p>\n<p>Samf\u00e4lligheten har k\u00f6pt ett dom\u00e4nnamn som \u00e4r kopplat till den h\u00e4r hemsidan. Du kan ange dom\u00e4nnamnet i webbl\u00e4saren s\u00e5 kommer denna sida att visas.<br \/>\nDom\u00e4nnamnet \u00e4r: <strong>storskraklunne.se<\/strong><\/p>\n<\/div>\n<div><\/div>\n<div><strong>Om samf\u00e4llighetsf\u00f6reningen<\/strong><\/div>\n<p>Storskrakens-Lunnef\u00e5gelns Samf\u00e4llighetsf\u00f6rening best\u00e5r av 10 radhus med\u00a0totalt 78 l\u00e4genheter med \u00e4gander\u00e4tt om 4 resp 5 rum och k\u00f6k. Husen, som var\u00a0inflyttningsklara under v\u00e5ren 1972, ligger i ett mycket attraktivt och trivsamt\u00a0omr\u00e5de utmed Marsviken. Ett flertal hus har direkt havsutsikt och andra har\u00a0begr\u00e4nsad havsutsikt.<\/p>\n<p>Omr\u00e5det \u00e4r lugnt och barnv\u00e4nligt med n\u00e4rhet till daghem och skolor. En livsmedelsaff\u00e4r finns alldeles i n\u00e4rheten. \u00c4r du intresserad av friluftsliv bor\u00a0du perfekt med g\u00e5ngavst\u00e5nd till bad och b\u00e5tplats. Sk\u00e4rg\u00e5rden finns alldeles\u00a0inp\u00e5 knuten. P\u00e5 vintern inbjuder viken nedanf\u00f6r husen till skridsko\u00e5kning. Ute\u00a0p\u00e5 Jogers\u00f6 (mitt emot v\u00e5ra hus) finns fina str\u00f6vomr\u00e5den och \u00e4ven skidsp\u00e5r.<\/p>\n<p>Oxel\u00f6sund \u00e4r ocks\u00e5 k\u00e4nt f\u00f6r sina m\u00e5nga och fina cykelv\u00e4gar.<\/p>\n<\/div>\n<\/div>\n<\/div>\n<\/div>\n<div class=\"textblock grid-col-6 grid-partial\">\n<div class=\"text-block block-base     \">\n<div class=\"text-section-base text-block__text-section \">\n<div class=\"text-container\">\n<p><strong>Dataskydds-f\u00f6rordningen (GDPR)<\/strong><\/p>\n<p>Samf\u00e4lligheten har tagit fram en integritetspolicy som beskriver hur samf\u00e4lligheten till\u00e4mpar dataskyddsf\u00f6rordningen. Policyn finns publicerad h\u00e4r.<\/p>\n<p><a href=\"https:\/\/storskraklunne.se\/wp-content\/uploads\/2024\/04\/integritetspolicy_1.0.pdf\">integritetspolicy_1.0<\/a><\/p>\n<\/div>\n<\/div>\n<\/div>\n<\/div>\n<div>\n<div class=\"text-block block-base     \">\n<div class=\"text-section-base text-block__text-section \">\n<div class=\"text-container\">\n<h2>Kontakt<\/h2>\n<p><em>Webmaster:\u00a0<a href=\"mailto:storskraklunne@gmail.com\">storskraklunne@gmail.com<\/a><\/em><\/p>\n<\/div>\n<\/div>\n<\/div>\n<\/div>\n","protected":false},"excerpt":{"rendered":"<p>V\u00e4lkommen till Storskrakens-Lunnef\u00e5gelns samf\u00e4llighetsf\u00f6rening i Oxel\u00f6sund Kortadress till hemsidan Samf\u00e4lligheten har k\u00f6pt ett dom\u00e4nnamn som \u00e4r kopplat till den h\u00e4r hemsidan. Du kan ange dom\u00e4nnamnet i webbl\u00e4saren s\u00e5 kommer denna sida att visas. Dom\u00e4nnamnet \u00e4r: storskraklunne.se Om samf\u00e4llighetsf\u00f6reningen Storskrakens-Lunnef\u00e5gelns Samf\u00e4llighetsf\u00f6rening best\u00e5r av 10 radhus med\u00a0totalt 78 l\u00e4genheter med \u00e4gander\u00e4tt om 4 resp 5 rum och [&hellip;]<\/p>\n","protected":false},"author":1,"featured_media":0,"parent":0,"menu_order":0,"comment_status":"closed","ping_status":"closed","template":"","meta":{"footnotes":""},"class_list":["post-9","page","type-page","status-publish","hentry"],"_links":{"self":[{"href":"https:\/\/storskraklunne.se\/index.php?rest_route=\/wp\/v2\/pages\/9","targetHints":{"allow":["GET"]}}],"collection":[{"href":"https:\/\/storskraklunne.se\/index.php?rest_route=\/wp\/v2\/pages"}],"about":[{"href":"https:\/\/storskraklunne.se\/index.php?rest_route=\/wp\/v2\/types\/page"}],"author":[{"embeddable":true,"href":"https:\/\/storskraklunne.se\/index.php?rest_route=\/wp\/v2\/users\/1"}],"replies":[{"embeddable":true,"href":"https:\/\/storskraklunne.se\/index.php?rest_route=%2Fwp%2Fv2%2Fcomments&post=9"}],"version-history":[{"count":6,"href":"https:\/\/storskraklunne.se\/index.php?rest_route=\/wp\/v2\/pages\/9\/revisions"}],"predecessor-version":[{"id":193,"href":"https:\/\/storskraklunne.se\/index.php?rest_route=\/wp\/v2\/pages\/9\/revisions\/193"}],"wp:attachment":[{"href":"https:\/\/storskraklunne.se\/index.php?rest_route=%2Fwp%2Fv2%2Fmedia&parent=9"}],"curies":[{"name":"wp","href":"https:\/\/api.w.org\/{rel}","templated":true}]}}