{"id":2,"date":"2024-03-29T08:10:43","date_gmt":"2024-03-29T08:10:43","guid":{"rendered":"https:\/\/storskraklunne.se\/?page_id=2"},"modified":"2026-04-08T15:55:18","modified_gmt":"2026-04-08T15:55:18","slug":"sample-page","status":"publish","type":"page","link":"https:\/\/storskraklunne.se\/","title":{"rendered":"Storskrakens-Lunnef\u00e5gelns Samf\u00e4llighetsf\u00f6rening"},"content":{"rendered":"\n<figure class=\"wp-block-image size-large is-resized\"><img loading=\"lazy\" decoding=\"async\" width=\"1024\" height=\"680\" src=\"https:\/\/storskraklunne.se\/wp-content\/uploads\/2024\/05\/DSC_8820_mas-1024x680.jpg\" alt=\"\" class=\"wp-image-118\" style=\"width:742px;height:auto\" srcset=\"https:\/\/storskraklunne.se\/wp-content\/uploads\/2024\/05\/DSC_8820_mas-1024x680.jpg 1024w, https:\/\/storskraklunne.se\/wp-content\/uploads\/2024\/05\/DSC_8820_mas-300x199.jpg 300w, https:\/\/storskraklunne.se\/wp-content\/uploads\/2024\/05\/DSC_8820_mas-768x510.jpg 768w, https:\/\/storskraklunne.se\/wp-content\/uploads\/2024\/05\/DSC_8820_mas-1536x1020.jpg 1536w, https:\/\/storskraklunne.se\/wp-content\/uploads\/2024\/05\/DSC_8820_mas-2048x1360.jpg 2048w\" sizes=\"auto, (max-width: 1024px) 100vw, 1024px\" \/><\/figure>\n\n\n<h5><em><strong>V\u00e4lkommen till Storskrakens-Lunnef\u00e5gelns samf\u00e4llighetsf\u00f6rening i Oxel\u00f6sund<\/strong><\/em><\/h5>\n<div>\u00a0<\/div>\n<p><strong>De senaste dokumentuppladdningarna:<\/strong><\/p>\n<ul>\n<li>Medlemsinformation (mars 2026)<\/li>\n<li>Protokoll fr\u00e5n \u00e5rsm\u00f6te och medlemsm\u00f6te 2025-05-20<\/li>\n<\/ul>\n<div dir=\"ltr\">\u00a0<\/div>\n<div dir=\"ltr\">\u00a0<\/div>\n\n\n<h2 class=\"wp-block-heading has-text-align-center\" style=\"font-size:38px;line-height:1.4\"><strong>Information fr\u00e5n styrelsen<\/strong><\/h2>\n\n\n\n<div class=\"wp-block-columns is-layout-flex wp-container-core-columns-is-layout-9d6595d7 wp-block-columns-is-layout-flex\">\n<div class=\"wp-block-column is-layout-flow wp-block-column-is-layout-flow\">\n<h2 class=\"wp-block-heading\">Prioriterad information<\/h2>\n\n\n\n<p>2025-03-11: boende i f\u00f6reningen har blivit kontaktad av en ventilationsfirma som vill g\u00f6ra hembes\u00f6k. Precis som tidigare \u00e5r s\u00e5 \u00e4r styrelsens rekommendation att <strong>INTE<\/strong> acceptera s\u00e5dana erbjudanden, se \u00e4ven varningsavsnittet p\u00e5 denna sida.<br><\/p>\n\n\n\n<p>Den gamla hemsidan, <a href=\"http:\/\/skraklunne.se\">skraklunne.se<\/a>, uppdateras inte mer efter styrelsebeslut 2024-09-10.<\/p>\n\n\n\n<p><\/p>\n\n\n\n<h4 class=\"wp-block-heading\"><strong>Sophantering<\/strong><\/h4>\n\n\n\n<p>OBS, det \u00e4r endast till\u00e5tet att sl\u00e4nga hush\u00e5llssopor och matavfall i samf\u00e4llighetens bruna respektive gr\u00f6na sopk\u00e4rl. Plast, kartong, glas, tidningar etc ska l\u00e4mnas till \u00e5tervinning vid kommunens \u00e5tervinningscentraler.<\/p>\n\n\n\n<p><\/p>\n\n\n\n<h4 class=\"wp-block-heading\"><strong>Varning<\/strong><\/h4>\n\n\n\n<p>Acceptera&nbsp;<strong>INTE<\/strong> erbjudanden om besiktning av ventilation i huset. Vid behov av besiktning av ventilationen s\u00e5 g\u00f6r samf\u00e4lligheten en gemensam upphandling.<\/p>\n\n\n\n<p>F\u00f6r att minimera risken f\u00f6r bilinbrott: var uppm\u00e4rksamma p\u00e5 r\u00f6relser runt parkeringarna, st\u00e4ll helst in bilarna i garaget.<\/p>\n<\/div>\n\n\n\n<div class=\"wp-block-column is-layout-flow wp-block-column-is-layout-flow\">\n<h2 class=\"wp-block-heading\"><strong>Medlemsinformation April 2026<\/strong><\/h2>\n\n\n\n<p>Grussopning ber\u00e4knas ske den 14:e eller 15:e april. Det \u00e4r en god id\u00e9 att sopa ut grusfr\u00e5n kanterna innan dess.<\/p>\n\n\n\n<h2 class=\"wp-block-heading\"><strong>Medlemsinformation<\/strong> Mars 2026<\/h2>\n\n\n\n<p><strong>Samf\u00e4llighetens \u00e5rsst\u00e4mma 2026 planeras till onsdagen den 20:e maj kl. 18.30 i Eventsalen p\u00e5 Koordinaten.<\/strong> En formell kallelse med bakgrundsmaterial kommer att delas ut i vanlig ordning. Liksom f\u00f6rra \u00e5ret kommer ett mer informellt medlemsm\u00f6te att h\u00e5llas direkt efter st\u00e4mman.<br><br>Vi har \u00e4nnu inget bokat datum f\u00f6r sopning av grus inom samf\u00e4lligheten, men ett tips \u00e4r att nu n\u00e4r det \u00e4r barmark sopa ut grus fr\u00e5n carportar, parkeringsplatser och liknande s\u00e5 att det f\u00f6ljer med n\u00e4r sopbilen kommer.<\/p>\n\n\n\n<figure class=\"wp-block-image size-full is-resized\"><img loading=\"lazy\" decoding=\"async\" width=\"518\" height=\"347\" src=\"https:\/\/storskraklunne.se\/wp-content\/uploads\/2026\/03\/image-1.png\" alt=\"\" class=\"wp-image-442\" style=\"width:260px;height:auto\" srcset=\"https:\/\/storskraklunne.se\/wp-content\/uploads\/2026\/03\/image-1.png 518w, https:\/\/storskraklunne.se\/wp-content\/uploads\/2026\/03\/image-1-300x201.png 300w\" sizes=\"auto, (max-width: 518px) 100vw, 518px\" \/><\/figure>\n\n\n\n<p><\/p>\n\n\n\n<p><br><\/p>\n<\/div>\n<\/div>\n","protected":false},"excerpt":{"rendered":"<p>V\u00e4lkommen till Storskrakens-Lunnef\u00e5gelns samf\u00e4llighetsf\u00f6rening i Oxel\u00f6sund \u00a0 De senaste dokumentuppladdningarna: Medlemsinformation (mars 2026) Protokoll fr\u00e5n \u00e5rsm\u00f6te och medlemsm\u00f6te 2025-05-20 \u00a0 \u00a0 Information fr\u00e5n styrelsen Prioriterad information 2025-03-11: boende i f\u00f6reningen har blivit kontaktad av en ventilationsfirma som vill g\u00f6ra hembes\u00f6k. Precis som tidigare \u00e5r s\u00e5 \u00e4r styrelsens rekommendation att INTE acceptera s\u00e5dana erbjudanden, se \u00e4ven [&hellip;]<\/p>\n","protected":false},"author":1,"featured_media":0,"parent":0,"menu_order":0,"comment_status":"closed","ping_status":"closed","template":"","meta":{"footnotes":""},"class_list":["post-2","page","type-page","status-publish","hentry"],"_links":{"self":[{"href":"https:\/\/storskraklunne.se\/index.php?rest_route=\/wp\/v2\/pages\/2","targetHints":{"allow":["GET"]}}],"collection":[{"href":"https:\/\/storskraklunne.se\/index.php?rest_route=\/wp\/v2\/pages"}],"about":[{"href":"https:\/\/storskraklunne.se\/index.php?rest_route=\/wp\/v2\/types\/page"}],"author":[{"embeddable":true,"href":"https:\/\/storskraklunne.se\/index.php?rest_route=\/wp\/v2\/users\/1"}],"replies":[{"embeddable":true,"href":"https:\/\/storskraklunne.se\/index.php?rest_route=%2Fwp%2Fv2%2Fcomments&post=2"}],"version-history":[{"count":48,"href":"https:\/\/storskraklunne.se\/index.php?rest_route=\/wp\/v2\/pages\/2\/revisions"}],"predecessor-version":[{"id":451,"href":"https:\/\/storskraklunne.se\/index.php?rest_route=\/wp\/v2\/pages\/2\/revisions\/451"}],"wp:attachment":[{"href":"https:\/\/storskraklunne.se\/index.php?rest_route=%2Fwp%2Fv2%2Fmedia&parent=2"}],"curies":[{"name":"wp","href":"https:\/\/api.w.org\/{rel}","templated":true}]}}